{"id":62,"date":"2014-09-20T22:54:28","date_gmt":"2014-09-21T01:54:28","guid":{"rendered":"https:\/\/charmepizzaria.com.br\/site\/?page_id=62"},"modified":"2014-09-22T02:04:57","modified_gmt":"2014-09-22T05:04:57","slug":"a-casa","status":"publish","type":"page","link":"https:\/\/charmepizzaria.com.br\/site\/a-casa\/","title":{"rendered":"A Casa"},"content":{"rendered":"\n<div id=\"x-content-band-1\" class=\"x-content-band vc\" style=\"background-color: transparent; padding-top: 0px; padding-bottom: 0px;\"><div class=\"x-container-fluid max width\">\n<div  class=\"x-column vc one-half\" style=\"\" ><p><span style=\"color: #ff9900; font-size: 32px;\">Charme Pizzaria e Restaurante, uma casa aconchegante e familiar.<\/span><\/p>\n<p>Desde a concep\u00e7\u00e3o da decora\u00e7\u00e3o at\u00e9 os elementos de arquitetura, tudo foi pensado para deixar a casa com um clima aconchegante, onde voc\u00ea e sua fam\u00edlia podem saborear os mais diversos pratos em um ambiente agrad\u00e1vel.<\/p>\n<p>Quadros requintados completam a harmoniosa decora\u00e7\u00e3o, com lustres, candelabros e um toque de m\u00f3veis r\u00fasticos, misturado \u00e0 arquitetura de vanguarda, sem perder aquele jeitinho de restaurante requintado.<\/p>\n<p>Nossa adega est\u00e1 repleta de vinhos das mais diversas marcas e proced\u00eancias. Al\u00e9m de uma sommelier na casa, para consultas e sugest\u00f5es de vinhos, para combinar com o prato que voc\u00ea escolheu.<\/p>\n<p>Todas as sextas-feiras voc\u00ea se delicia no nosso buffet, com variado card\u00e1pio de frutos do mar&#8230; camar\u00f5es, til\u00e1pia, abadejo, culin\u00e1ria oriental e muito mais.<\/p>\n<p>Venha conhecer a nossa casa e comprove o que todos j\u00e1 sabem&#8230; a deliciosa comida da Charme.<\/p>\n<hr  class=\"x-hr\" ><hr  class=\"x-gap\" style=\"margin: 40px 0 0 0;\">\n\t<div class=\"wpb_widgetised_column wpb_content_element\">\n\t\t<div class=\"wpb_wrapper\">\n\t\t\t<div id=\"media_image-2\" class=\"widget widget_media_image\"><h4 class=\"h-widget\">Fa\u00e7a seu pedido pelo iFood<\/h4><a href=\"https:\/\/www.ifood.com.br\/delivery\/sao-jose-dos-campos-sp\/charme-restaurante-e-pizzaria-jardim-apolo\/5a987ce7-a5a4-433a-8024-a8956699a683\"><img width=\"300\" height=\"161\" src=\"https:\/\/charmepizzaria.com.br\/site\/wp-content\/uploads\/2019\/04\/ifood-logo-300x161.png\" class=\"image wp-image-300  attachment-medium size-medium\" alt=\"\" loading=\"lazy\" style=\"max-width: 100%; height: auto;\" srcset=\"https:\/\/charmepizzaria.com.br\/site\/wp-content\/uploads\/2019\/04\/ifood-logo-300x161.png 300w, https:\/\/charmepizzaria.com.br\/site\/wp-content\/uploads\/2019\/04\/ifood-logo-768x413.png 768w, https:\/\/charmepizzaria.com.br\/site\/wp-content\/uploads\/2019\/04\/ifood-logo-100x54.png 100w, https:\/\/charmepizzaria.com.br\/site\/wp-content\/uploads\/2019\/04\/ifood-logo.png 800w\" sizes=\"(max-width: 300px) 100vw, 300px\" \/><\/a><\/div><div id=\"ssba_widget-2\" class=\"widget widget_ssba_widget\"><h4 class=\"h-widget\">Compartilhe<\/h4><!-- Simple Share Buttons Adder (8.2.4) simplesharebuttons.com --><div class=\"ssba-classic-2 ssba ssbp-wrap center ssbp--theme-1\"><div style=\"text-align:left\"><a data-site=\"\" class=\"ssba_facebook_share\" href=\"http:\/\/www.facebook.com\/sharer.php?u=https:\/\/charmepizzaria.com.br\/site\/wp-json\/wp\/v2\/pages\/62\"  target=\"_blank\" ><img src=\"https:\/\/charmepizzaria.com.br\/site\/wp-content\/plugins\/simple-share-buttons-adder\/buttons\/somacro\/facebook.png\" style=\"width: 35px;\" title=\"Facebook\" class=\"ssba ssba-img\" alt=\"Share on Facebook\" \/><div title=\"Facebook\" class=\"ssbp-text\">Facebook<\/div><\/a><a data-site='pinterest' class='ssba_pinterest_share' href='javascript:void((function()%7Bvar%20e=document.createElement(&apos;script&apos;);e.setAttribute(&apos;type&apos;,&apos;text\/javascript&apos;);e.setAttribute(&apos;charset&apos;,&apos;UTF-8&apos;);e.setAttribute(&apos;src&apos;,&apos;\/\/assets.pinterest.com\/js\/pinmarklet.js?r=&apos;+Math.random()*99999999);document.body.appendChild(e)%7D)());'><img src=\"https:\/\/charmepizzaria.com.br\/site\/wp-content\/plugins\/simple-share-buttons-adder\/buttons\/somacro\/pinterest.png\" style=\"width: 35px;\" title=\"Pinterest\" class=\"ssba ssba-img\" alt=\"Pin on Pinterest\" \/><div title=\"Pinterest\" class=\"ssbp-text\">Pinterest<\/div><\/a><a data-site=\"\" class=\"ssba_twitter_share\" href=\"http:\/\/twitter.com\/share?url=https:\/\/charmepizzaria.com.br\/site\/wp-json\/wp\/v2\/pages\/62&amp;text=A%20Casa%20\"  target=&quot;_blank&quot; ><img src=\"https:\/\/charmepizzaria.com.br\/site\/wp-content\/plugins\/simple-share-buttons-adder\/buttons\/somacro\/twitter.png\" style=\"width: 35px;\" title=\"Twitter\" class=\"ssba ssba-img\" alt=\"Tweet about this on Twitter\" \/><div title=\"Twitter\" class=\"ssbp-text\">Twitter<\/div><\/a><a data-site=\"linkedin\" class=\"ssba_linkedin_share ssba_share_link\" href=\"http:\/\/www.linkedin.com\/shareArticle?mini=true&amp;url=https:\/\/charmepizzaria.com.br\/site\/wp-json\/wp\/v2\/pages\/62\"  target=&quot;_blank&quot; ><img src=\"https:\/\/charmepizzaria.com.br\/site\/wp-content\/plugins\/simple-share-buttons-adder\/buttons\/somacro\/linkedin.png\" style=\"width: 35px;\" title=\"LinkedIn\" class=\"ssba ssba-img\" alt=\"Share on LinkedIn\" \/><div title=\"Linkedin\" class=\"ssbp-text\">Linkedin<\/div><\/a><\/div><\/div><\/div>\n\t\t<\/div> \n\t<\/div> <\/div>\n<div  class=\"x-column vc one-half\" style=\"\" ><script>jQuery(document).ready(function(){jQuery('.x-img-link').iLightBox({skin: 'light',overlay: {opacity: 0.875,blur: true},styles: {prevScale: 0.75,prevOpacity: 0.75,nextScale: 0.75,nextOpacity: 0.75},path: 'horizontal',controls: {thumbnail: true}});});<\/script>\n<div id=\"x-content-band-2\" class=\"x-content-band vc\" style=\"background-color: transparent; padding-top: 0px; padding-bottom: 0px;\"><div class=\"x-container-fluid max width\">\n<div  class=\"x-column vc one-half\" style=\"\" ><a  class=\"x-img x-img-link x-img-thumbnail none\"  href=\"https:\/\/charmepizzaria.com.br\/site\/wp-content\/uploads\/2014\/09\/DSC02091.jpg\"   data-toggle=\"none\" data-placement=\"top\" data-trigger=\"hover\"   data-options=\"thumbnail: 'https:\/\/charmepizzaria.com.br\/site\/wp-content\/uploads\/2014\/09\/DSC02091.jpg'\"><img src=\"https:\/\/charmepizzaria.com.br\/site\/wp-content\/uploads\/2014\/09\/DSC02091.jpg\" ><\/a><a  class=\"x-img x-img-link x-img-thumbnail none\"  href=\"https:\/\/charmepizzaria.com.br\/site\/wp-content\/uploads\/2014\/09\/DSC02118.jpg\"   data-toggle=\"none\" data-placement=\"top\" data-trigger=\"hover\"   data-options=\"thumbnail: 'https:\/\/charmepizzaria.com.br\/site\/wp-content\/uploads\/2014\/09\/DSC02118.jpg'\"><img src=\"https:\/\/charmepizzaria.com.br\/site\/wp-content\/uploads\/2014\/09\/DSC02118.jpg\" ><\/a><a  class=\"x-img x-img-link x-img-thumbnail none\"  href=\"https:\/\/charmepizzaria.com.br\/site\/wp-content\/uploads\/2014\/09\/DSC02135.jpg\"   data-toggle=\"none\" data-placement=\"top\" data-trigger=\"hover\"   data-options=\"thumbnail: 'https:\/\/charmepizzaria.com.br\/site\/wp-content\/uploads\/2014\/09\/DSC02135.jpg'\"><img src=\"https:\/\/charmepizzaria.com.br\/site\/wp-content\/uploads\/2014\/09\/DSC02135.jpg\" ><\/a><\/div>\n<div  class=\"x-column vc one-half\" style=\"\" ><a  class=\"x-img x-img-link x-img-thumbnail none\"  href=\"https:\/\/charmepizzaria.com.br\/site\/wp-content\/uploads\/2014\/09\/DSC02107.jpg\"   data-toggle=\"none\" data-placement=\"top\" data-trigger=\"hover\"   data-options=\"thumbnail: 'https:\/\/charmepizzaria.com.br\/site\/wp-content\/uploads\/2014\/09\/DSC02107.jpg'\"><img src=\"https:\/\/charmepizzaria.com.br\/site\/wp-content\/uploads\/2014\/09\/DSC02107.jpg\" ><\/a><a  class=\"x-img x-img-link x-img-thumbnail none\"  href=\"https:\/\/charmepizzaria.com.br\/site\/wp-content\/uploads\/2014\/09\/DSC02127.jpg\"   data-toggle=\"none\" data-placement=\"top\" data-trigger=\"hover\"   data-options=\"thumbnail: 'https:\/\/charmepizzaria.com.br\/site\/wp-content\/uploads\/2014\/09\/DSC02127.jpg'\"><img src=\"https:\/\/charmepizzaria.com.br\/site\/wp-content\/uploads\/2014\/09\/DSC02127.jpg\" ><\/a><a  class=\"x-img x-img-link x-img-thumbnail none\"  href=\"https:\/\/charmepizzaria.com.br\/site\/wp-content\/uploads\/2014\/09\/DSC02107.jpg\"   data-toggle=\"none\" data-placement=\"top\" data-trigger=\"hover\"   data-options=\"thumbnail: 'https:\/\/charmepizzaria.com.br\/site\/wp-content\/uploads\/2014\/09\/DSC02107.jpg'\"><img src=\"https:\/\/charmepizzaria.com.br\/site\/wp-content\/uploads\/2014\/09\/DSC02107.jpg\" ><\/a><\/div><\/div><\/div><hr  class=\"x-hr\" >\n\t<div class=\"wpb_widgetised_column wpb_content_element\">\n\t\t<div class=\"wpb_wrapper\">\n\t\t\t<div id=\"pages-2\" class=\"widget widget_pages\"><h4 class=\"h-widget\">Novidades<\/h4>\n\t\t\t<ul>\n\t\t\t\t<li class=\"page_item page-item-239\"><a href=\"https:\/\/charmepizzaria.com.br\/site\/cardapio-3\/\">Cardapio 3<\/a><\/li>\n<li class=\"page_item page-item-257\"><a href=\"https:\/\/charmepizzaria.com.br\/site\/cardapio-4\/\">Cardapio 4<\/a><\/li>\n<li class=\"page_item page-item-134\"><a href=\"https:\/\/charmepizzaria.com.br\/site\/conheca-nossa-carta-de-vinhos\/\">Conhe\u00e7a nossa carta de vinhos, com r\u00f3tulos importados.<\/a><\/li>\n<li class=\"page_item page-item-115\"><a href=\"https:\/\/charmepizzaria.com.br\/site\/sextas-feiras-com-frutos-do-mar\/\">Sextas-feiras com Frutos do Mar na Charme !<\/a><\/li>\n\t\t\t<\/ul>\n\n\t\t\t<\/div>\n\t\t<\/div> \n\t<\/div> <hr  class=\"x-gap\" style=\"margin: 30px 0 0 0;\">\n\t<div class=\"wpb_widgetised_column wpb_content_element\">\n\t\t<div class=\"wpb_wrapper\">\n\t\t\t\n\t\t<\/div> \n\t<\/div> <\/div><\/div><\/div>\n","protected":false},"excerpt":{"rendered":"Charme Pizzaria e Restaurante, uma casa aconchegante e familiar. Desde a concep\u00e7\u00e3o da decora\u00e7\u00e3o at\u00e9 os elementos de arquitetura, tudo foi pensado para deixar a casa com um clima aconchegante, onde voc\u00ea e sua fam\u00edlia podem saborear os mais diversos pratos em um ambiente agrad\u00e1vel. Quadros requintados completam a harmoniosa decora\u00e7\u00e3o, com lustres, candelabros e um toque de m\u00f3veis r\u00fasticos, ... <a href=\"https:\/\/charmepizzaria.com.br\/site\/a-casa\/\" class=\"more-link\">Read More<\/a>","protected":false},"author":1,"featured_media":0,"parent":0,"menu_order":0,"comment_status":"closed","ping_status":"open","template":"","meta":[],"_links":{"self":[{"href":"https:\/\/charmepizzaria.com.br\/site\/wp-json\/wp\/v2\/pages\/62"}],"collection":[{"href":"https:\/\/charmepizzaria.com.br\/site\/wp-json\/wp\/v2\/pages"}],"about":[{"href":"https:\/\/charmepizzaria.com.br\/site\/wp-json\/wp\/v2\/types\/page"}],"author":[{"embeddable":true,"href":"https:\/\/charmepizzaria.com.br\/site\/wp-json\/wp\/v2\/users\/1"}],"replies":[{"embeddable":true,"href":"https:\/\/charmepizzaria.com.br\/site\/wp-json\/wp\/v2\/comments?post=62"}],"version-history":[{"count":10,"href":"https:\/\/charmepizzaria.com.br\/site\/wp-json\/wp\/v2\/pages\/62\/revisions"}],"predecessor-version":[{"id":170,"href":"https:\/\/charmepizzaria.com.br\/site\/wp-json\/wp\/v2\/pages\/62\/revisions\/170"}],"wp:attachment":[{"href":"https:\/\/charmepizzaria.com.br\/site\/wp-json\/wp\/v2\/media?parent=62"}],"curies":[{"name":"wp","href":"https:\/\/api.w.org\/{rel}","templated":true}]}}