{"id":134,"date":"2014-09-22T00:41:26","date_gmt":"2014-09-22T03:41:26","guid":{"rendered":"https:\/\/charmepizzaria.com.br\/site\/?page_id=134"},"modified":"2014-09-22T01:17:36","modified_gmt":"2014-09-22T04:17:36","slug":"conheca-nossa-carta-de-vinhos","status":"publish","type":"page","link":"https:\/\/charmepizzaria.com.br\/site\/conheca-nossa-carta-de-vinhos\/","title":{"rendered":"Conhe\u00e7a nossa carta de vinhos, com r\u00f3tulos importados."},"content":{"rendered":"\n<div id=\"x-content-band-1\" class=\"x-content-band vc\" style=\"background-color: transparent; padding-top: 0px; padding-bottom: 0px;\"><div class=\"x-container-fluid max width\">\n<div  class=\"x-column vc one-half\" style=\"\" ><p><span style=\"color: #ff9900; font-size: 32px;\">Venha conhecer nossa variada carta de vinhos !!<\/span><\/p>\n<p>S\u00e3o v\u00e1rios r\u00f3tulos nacionais e importados, de proced\u00eancia internacionalmente conhecida como Ang\u00e9lica Zapata(2009), Pizzato Concentus(2008), Cartuxa \u00c9vora(2010), Marqu\u00e9s de Riscal(2005), Fausto de Pizzato(2013), Catena Alta(2010), Montes Classic S\u00e9ries(2012), Alamos Torront\u00e9s(2012), Alta Vista(2007)&#8230; entre outros.<\/p>\n<p>Contamos com uma\u00a0<em><strong>sommelier<\/strong><\/em> na Casa, para lhe indicar o melhor vinho que combina com seu prato.<\/p>\n<p>Venha nos visitar e conhe\u00e7a a nossa adega&#8230; sempre com novidades e novos r\u00f3tulos.<\/p>\n<hr  class=\"x-hr\" >\n\t<div class=\"wpb_widgetised_column wpb_content_element\">\n\t\t<div class=\"wpb_wrapper\">\n\t\t\t\n\t\t<\/div> \n\t<\/div> <hr  class=\"x-gap\" style=\"margin: 30px 0 0 0;\">\n\t<div class=\"wpb_widgetised_column wpb_content_element\">\n\t\t<div class=\"wpb_wrapper\">\n\t\t\t<div id=\"media_image-2\" class=\"widget widget_media_image\"><h4 class=\"h-widget\">Fa\u00e7a seu pedido pelo iFood<\/h4><a href=\"https:\/\/www.ifood.com.br\/delivery\/sao-jose-dos-campos-sp\/charme-restaurante-e-pizzaria-jardim-apolo\/5a987ce7-a5a4-433a-8024-a8956699a683\"><img width=\"300\" height=\"161\" src=\"https:\/\/charmepizzaria.com.br\/site\/wp-content\/uploads\/2019\/04\/ifood-logo-300x161.png\" class=\"image wp-image-300  attachment-medium size-medium\" alt=\"\" loading=\"lazy\" style=\"max-width: 100%; height: auto;\" srcset=\"https:\/\/charmepizzaria.com.br\/site\/wp-content\/uploads\/2019\/04\/ifood-logo-300x161.png 300w, https:\/\/charmepizzaria.com.br\/site\/wp-content\/uploads\/2019\/04\/ifood-logo-768x413.png 768w, https:\/\/charmepizzaria.com.br\/site\/wp-content\/uploads\/2019\/04\/ifood-logo-100x54.png 100w, https:\/\/charmepizzaria.com.br\/site\/wp-content\/uploads\/2019\/04\/ifood-logo.png 800w\" sizes=\"(max-width: 300px) 100vw, 300px\" \/><\/a><\/div><div id=\"ssba_widget-2\" class=\"widget widget_ssba_widget\"><h4 class=\"h-widget\">Compartilhe<\/h4><!-- Simple Share Buttons Adder (8.2.4) simplesharebuttons.com --><div class=\"ssba-classic-2 ssba ssbp-wrap center ssbp--theme-1\"><div style=\"text-align:left\"><a data-site=\"\" class=\"ssba_facebook_share\" href=\"http:\/\/www.facebook.com\/sharer.php?u=https:\/\/charmepizzaria.com.br\/site\/wp-json\/wp\/v2\/pages\/134\"  target=\"_blank\" ><img src=\"https:\/\/charmepizzaria.com.br\/site\/wp-content\/plugins\/simple-share-buttons-adder\/buttons\/somacro\/facebook.png\" style=\"width: 35px;\" title=\"Facebook\" class=\"ssba ssba-img\" alt=\"Share on Facebook\" \/><div title=\"Facebook\" class=\"ssbp-text\">Facebook<\/div><\/a><a data-site='pinterest' class='ssba_pinterest_share' href='javascript:void((function()%7Bvar%20e=document.createElement(&apos;script&apos;);e.setAttribute(&apos;type&apos;,&apos;text\/javascript&apos;);e.setAttribute(&apos;charset&apos;,&apos;UTF-8&apos;);e.setAttribute(&apos;src&apos;,&apos;\/\/assets.pinterest.com\/js\/pinmarklet.js?r=&apos;+Math.random()*99999999);document.body.appendChild(e)%7D)());'><img src=\"https:\/\/charmepizzaria.com.br\/site\/wp-content\/plugins\/simple-share-buttons-adder\/buttons\/somacro\/pinterest.png\" style=\"width: 35px;\" title=\"Pinterest\" class=\"ssba ssba-img\" alt=\"Pin on Pinterest\" \/><div title=\"Pinterest\" class=\"ssbp-text\">Pinterest<\/div><\/a><a data-site=\"\" class=\"ssba_twitter_share\" href=\"http:\/\/twitter.com\/share?url=https:\/\/charmepizzaria.com.br\/site\/wp-json\/wp\/v2\/pages\/134&amp;text=Conhe%C3%A7a%20nossa%20carta%20de%20vinhos%2C%20com%20r%C3%B3tulos%20importados.%20\"  target=&quot;_blank&quot; ><img src=\"https:\/\/charmepizzaria.com.br\/site\/wp-content\/plugins\/simple-share-buttons-adder\/buttons\/somacro\/twitter.png\" style=\"width: 35px;\" title=\"Twitter\" class=\"ssba ssba-img\" alt=\"Tweet about this on Twitter\" \/><div title=\"Twitter\" class=\"ssbp-text\">Twitter<\/div><\/a><a data-site=\"linkedin\" class=\"ssba_linkedin_share ssba_share_link\" href=\"http:\/\/www.linkedin.com\/shareArticle?mini=true&amp;url=https:\/\/charmepizzaria.com.br\/site\/wp-json\/wp\/v2\/pages\/134\"  target=&quot;_blank&quot; ><img src=\"https:\/\/charmepizzaria.com.br\/site\/wp-content\/plugins\/simple-share-buttons-adder\/buttons\/somacro\/linkedin.png\" style=\"width: 35px;\" title=\"LinkedIn\" class=\"ssba ssba-img\" alt=\"Share on LinkedIn\" \/><div title=\"Linkedin\" class=\"ssbp-text\">Linkedin<\/div><\/a><\/div><\/div><\/div>\n\t\t<\/div> \n\t<\/div> <\/div>\n<div  class=\"x-column vc one-half\" style=\"\" ><script>jQuery(document).ready(function(){jQuery('.x-img-link').iLightBox({skin: 'light',overlay: {opacity: 0.875,blur: true},styles: {prevScale: 0.75,prevOpacity: 0.75,nextScale: 0.75,nextOpacity: 0.75},path: 'horizontal',controls: {thumbnail: true}});});<\/script>\n<div id=\"x-content-band-2\" class=\"x-content-band vc\" style=\"background-color: transparent; padding-top: 0px; padding-bottom: 0px;\"><div class=\"x-container-fluid max width\">\n<div  class=\"x-column vc one-half\" style=\"\" ><a  class=\"x-img x-img-link x-img-thumbnail none\"  href=\"https:\/\/charmepizzaria.com.br\/site\/wp-content\/uploads\/2014\/09\/vinho01.jpg\"   data-toggle=\"none\" data-placement=\"top\" data-trigger=\"hover\"   data-options=\"thumbnail: 'https:\/\/charmepizzaria.com.br\/site\/wp-content\/uploads\/2014\/09\/vinho01.jpg'\"><img src=\"https:\/\/charmepizzaria.com.br\/site\/wp-content\/uploads\/2014\/09\/vinho01.jpg\" ><\/a><a  class=\"x-img x-img-link x-img-thumbnail none\"  href=\"https:\/\/charmepizzaria.com.br\/site\/wp-content\/uploads\/2014\/09\/vinho03.jpg\"   data-toggle=\"none\" data-placement=\"top\" data-trigger=\"hover\"   data-options=\"thumbnail: 'https:\/\/charmepizzaria.com.br\/site\/wp-content\/uploads\/2014\/09\/vinho03.jpg'\"><img src=\"https:\/\/charmepizzaria.com.br\/site\/wp-content\/uploads\/2014\/09\/vinho03.jpg\" ><\/a><a  class=\"x-img x-img-link x-img-thumbnail none\"  href=\"https:\/\/charmepizzaria.com.br\/site\/wp-content\/uploads\/2014\/09\/vinho051.jpg\"   data-toggle=\"none\" data-placement=\"top\" data-trigger=\"hover\"   data-options=\"thumbnail: 'https:\/\/charmepizzaria.com.br\/site\/wp-content\/uploads\/2014\/09\/vinho051.jpg'\"><img src=\"https:\/\/charmepizzaria.com.br\/site\/wp-content\/uploads\/2014\/09\/vinho051.jpg\" ><\/a><\/div>\n<div  class=\"x-column vc one-half\" style=\"\" ><a  class=\"x-img x-img-link x-img-thumbnail none\"  href=\"https:\/\/charmepizzaria.com.br\/site\/wp-content\/uploads\/2014\/09\/vinho02.jpg\"   data-toggle=\"none\" data-placement=\"top\" data-trigger=\"hover\"   data-options=\"thumbnail: 'https:\/\/charmepizzaria.com.br\/site\/wp-content\/uploads\/2014\/09\/vinho02.jpg'\"><img src=\"https:\/\/charmepizzaria.com.br\/site\/wp-content\/uploads\/2014\/09\/vinho02.jpg\" ><\/a><a  class=\"x-img x-img-link x-img-thumbnail none\"  href=\"https:\/\/charmepizzaria.com.br\/site\/wp-content\/uploads\/2014\/09\/vinho04.jpg\"   data-toggle=\"none\" data-placement=\"top\" data-trigger=\"hover\"   data-options=\"thumbnail: 'https:\/\/charmepizzaria.com.br\/site\/wp-content\/uploads\/2014\/09\/vinho04.jpg'\"><img src=\"https:\/\/charmepizzaria.com.br\/site\/wp-content\/uploads\/2014\/09\/vinho04.jpg\" ><\/a><a  class=\"x-img x-img-link x-img-thumbnail none\"  href=\"https:\/\/charmepizzaria.com.br\/site\/wp-content\/uploads\/2014\/09\/vinho06.jpg\"   data-toggle=\"none\" data-placement=\"top\" data-trigger=\"hover\"   data-options=\"thumbnail: 'https:\/\/charmepizzaria.com.br\/site\/wp-content\/uploads\/2014\/09\/vinho06.jpg'\"><img src=\"https:\/\/charmepizzaria.com.br\/site\/wp-content\/uploads\/2014\/09\/vinho06.jpg\" ><\/a><\/div><\/div><\/div><hr  class=\"x-hr\" >\n\t<div class=\"wpb_widgetised_column wpb_content_element\">\n\t\t<div class=\"wpb_wrapper\">\n\t\t\t<div id=\"pages-2\" class=\"widget widget_pages\"><h4 class=\"h-widget\">Novidades<\/h4>\n\t\t\t<ul>\n\t\t\t\t<li class=\"page_item page-item-239\"><a href=\"https:\/\/charmepizzaria.com.br\/site\/cardapio-3\/\">Cardapio 3<\/a><\/li>\n<li class=\"page_item page-item-257\"><a href=\"https:\/\/charmepizzaria.com.br\/site\/cardapio-4\/\">Cardapio 4<\/a><\/li>\n<li class=\"page_item page-item-134\"><a href=\"https:\/\/charmepizzaria.com.br\/site\/conheca-nossa-carta-de-vinhos\/\">Conhe\u00e7a nossa carta de vinhos, com r\u00f3tulos importados.<\/a><\/li>\n<li class=\"page_item page-item-115\"><a href=\"https:\/\/charmepizzaria.com.br\/site\/sextas-feiras-com-frutos-do-mar\/\">Sextas-feiras com Frutos do Mar na Charme !<\/a><\/li>\n\t\t\t<\/ul>\n\n\t\t\t<\/div>\n\t\t<\/div> \n\t<\/div> <\/div><\/div><\/div>\n","protected":false},"excerpt":{"rendered":"Venha conhecer nossa variada carta de vinhos !! S\u00e3o v\u00e1rios r\u00f3tulos nacionais e importados, de proced\u00eancia internacionalmente conhecida como Ang\u00e9lica Zapata(2009), Pizzato Concentus(2008), Cartuxa \u00c9vora(2010), Marqu\u00e9s de Riscal(2005), Fausto de Pizzato(2013), Catena Alta(2010), Montes Classic S\u00e9ries(2012), Alamos Torront\u00e9s(2012), Alta Vista(2007)... entre outros. Contamos com uma\u00a0sommelier na Casa, para lhe indicar o melhor vinho que combina com seu prato. Venha nos ... <a href=\"https:\/\/charmepizzaria.com.br\/site\/conheca-nossa-carta-de-vinhos\/\" class=\"more-link\">Read More<\/a>","protected":false},"author":1,"featured_media":0,"parent":0,"menu_order":0,"comment_status":"closed","ping_status":"closed","template":"","meta":[],"_links":{"self":[{"href":"https:\/\/charmepizzaria.com.br\/site\/wp-json\/wp\/v2\/pages\/134"}],"collection":[{"href":"https:\/\/charmepizzaria.com.br\/site\/wp-json\/wp\/v2\/pages"}],"about":[{"href":"https:\/\/charmepizzaria.com.br\/site\/wp-json\/wp\/v2\/types\/page"}],"author":[{"embeddable":true,"href":"https:\/\/charmepizzaria.com.br\/site\/wp-json\/wp\/v2\/users\/1"}],"replies":[{"embeddable":true,"href":"https:\/\/charmepizzaria.com.br\/site\/wp-json\/wp\/v2\/comments?post=134"}],"version-history":[{"count":8,"href":"https:\/\/charmepizzaria.com.br\/site\/wp-json\/wp\/v2\/pages\/134\/revisions"}],"predecessor-version":[{"id":157,"href":"https:\/\/charmepizzaria.com.br\/site\/wp-json\/wp\/v2\/pages\/134\/revisions\/157"}],"wp:attachment":[{"href":"https:\/\/charmepizzaria.com.br\/site\/wp-json\/wp\/v2\/media?parent=134"}],"curies":[{"name":"wp","href":"https:\/\/api.w.org\/{rel}","templated":true}]}}