{"id":11,"date":"2014-09-20T21:21:10","date_gmt":"2014-09-21T00:21:10","guid":{"rendered":"https:\/\/charmepizzaria.com.br\/site\/?page_id=11"},"modified":"2019-04-29T17:09:43","modified_gmt":"2019-04-29T20:09:43","slug":"home","status":"publish","type":"page","link":"https:\/\/charmepizzaria.com.br\/site\/","title":{"rendered":"Home"},"content":{"rendered":"\n<div id=\"x-content-band-1\" class=\"x-content-band vc\" style=\"background-color: transparent; padding-top: 0px; padding-bottom: 0px;\"><div class=\"x-container-fluid max width\">\n<div  class=\"x-column vc whole\" style=\"\" >[rev_slider_vc alias=&#8221;banner-top-home&#8221;]<\/div><\/div><\/div>\n<div id=\"x-content-band-2\" class=\"x-content-band vc\" style=\"background-color: transparent; padding-top: 0px; padding-bottom: 0px;\"><div class=\"x-container-fluid max width\">\n<div  class=\"x-column vc whole\" style=\"\" ><p><span style=\"color: #d58a0d; font-size: 38px;\">Bem vindo!<strong><br \/>\n<\/strong><\/span>Somos a Charme Pizzaria, uma casa onde voc\u00ea e sua fam\u00edlia saboreiam os mais variados tipos de pizzas, preparadas com ingredientes finos e de alt\u00edssima qualidade, al\u00e9m de nossas por\u00e7\u00f5es deliciosas, chopps e variada carta de vinhos. Temos tamb\u00e9m pratos \u00e0 La Carte com op\u00e7\u00f5es variadas para seu bom gosto.<\/p>\n<\/div><\/div><\/div>\n<div id=\"x-content-band-3\" class=\"x-content-band vc\" style=\"background-color: transparent; padding-top: 0px; padding-bottom: 0px;\"><div class=\"x-container-fluid max width\">\n<div  class=\"x-column vc one-third\" style=\"\" >\n<div class=\"banner-block banner-block-custom-height banner-style01 \"  data-animation=\"\" data-animation-delay=\"03\" style=\"height:265px;\">\n\t<img src=\"https:\/\/charmepizzaria.com.br\/site\/wp-content\/uploads\/2014\/09\/camarao01.jpg\" alt=\"Frutos do Mar\">\n\t<h3 class=\"title-center bb-top-title\" style=\"background:#242424;\">Frutos do Mar<\/h3>\n\t<div class=\"mask opaque-background\">\n\t\t<p class=\"bb-description\">Todas as sextas-feiras voc\u00ea saboreia deliciosos pratos com frutos do mar... vem experimentar!<\/p>\n\t<\/div>\n<\/div><\/div>\n<div  class=\"x-column vc one-third\" style=\"\" >\n<div class=\"banner-block banner-block-custom-height banner-style01 \"  data-animation=\"\" data-animation-delay=\"03\" style=\"height:265px;\">\n\t<img src=\"https:\/\/charmepizzaria.com.br\/site\/wp-content\/uploads\/2014\/09\/pizza001.jpg\" alt=\"Pizzas Gourmet\">\n\t<h3 class=\"title-center bb-top-title\" style=\"background:#242424;\">Pizzas Gourmet<\/h3>\n\t<div class=\"mask opaque-background\">\n\t\t<p class=\"bb-description\">Pizzas deliciosas e preparadas com ingredientes finos e selecionados... Hummm!!<\/p>\n\t<\/div>\n<\/div><\/div>\n<div  class=\"x-column vc one-third\" style=\"\" >\n<div class=\"banner-block banner-block-custom-height banner-style01 \"  data-animation=\"\" data-animation-delay=\"03\" style=\"height:265px;\">\n\t<img src=\"https:\/\/charmepizzaria.com.br\/site\/wp-content\/uploads\/2014\/09\/vinho001.jpg\" alt=\"Carta de Vinhos\">\n\t<h3 class=\"title-center bb-top-title\" style=\"background:#242424;\">Carta de Vinhos<\/h3>\n\t<div class=\"mask opaque-background\">\n\t\t<p class=\"bb-description\">Venha conhecer nossa carta de vinhos selecionados. Variedade e r\u00f3tulos renomados.<\/p>\n\t\t<a class=\"bb-link\" href=\"https:\/\/charmepizzaria.com.br\/site\/conheca-nossa-carta-de-vinhos\/\" target=\"\">Veja nossos vinhos<\/a>\n\t<\/div>\n<\/div><\/div><\/div><\/div>\n<div id=\"x-content-band-4\" class=\"x-content-band vc\" style=\"background-color: transparent; padding-top: 0px; padding-bottom: 0px;\"><div class=\"x-container-fluid max width\">\n<div  class=\"x-column vc one-half\" style=\"\" ><script>jQuery(document).ready(function(){jQuery('.x-img-link').iLightBox({skin: 'light',overlay: {opacity: 0.875,blur: true},styles: {prevScale: 0.75,prevOpacity: 0.75,nextScale: 0.75,nextOpacity: 0.75},path: 'horizontal',controls: {thumbnail: true}});});<\/script><p><span style=\"color: #d58a0d; font-size: 32px;\">A Casa<\/span><br \/>\nTivemos o m\u00e1ximo cuidado ao fazer a decora\u00e7\u00e3o dos ambientes, pensando bastante em deixar aconchegante e ao mesmo tempo familiar. Venha nos visitar.<\/p>\n\n<div id=\"x-content-band-5\" class=\"x-content-band vc\" style=\"background-color: transparent; padding-top: 0px; padding-bottom: 0px;\"><div class=\"x-container-fluid max width\">\n<div  class=\"x-column vc one-half\" style=\"\" ><a  class=\"x-img x-img-link x-img-thumbnail none\"  href=\"https:\/\/charmepizzaria.com.br\/site\/wp-content\/uploads\/2014\/09\/DSC02130.jpg\"   data-toggle=\"none\" data-placement=\"top\" data-trigger=\"hover\"   data-options=\"thumbnail: 'https:\/\/charmepizzaria.com.br\/site\/wp-content\/uploads\/2014\/09\/DSC02130.jpg'\"><img src=\"https:\/\/charmepizzaria.com.br\/site\/wp-content\/uploads\/2014\/09\/DSC02130.jpg\" ><\/a><a  class=\"x-img x-img-link x-img-thumbnail none\"  href=\"https:\/\/charmepizzaria.com.br\/site\/wp-content\/uploads\/2014\/09\/DSC02118.jpg\"   data-toggle=\"none\" data-placement=\"top\" data-trigger=\"hover\"   data-options=\"thumbnail: 'https:\/\/charmepizzaria.com.br\/site\/wp-content\/uploads\/2014\/09\/DSC02118.jpg'\"><img src=\"https:\/\/charmepizzaria.com.br\/site\/wp-content\/uploads\/2014\/09\/DSC02118.jpg\" ><\/a><\/div>\n<div  class=\"x-column vc one-half\" style=\"\" ><a  class=\"x-img x-img-link x-img-thumbnail none\"  href=\"https:\/\/charmepizzaria.com.br\/site\/wp-content\/uploads\/2014\/09\/DSC02127.jpg\"   data-toggle=\"none\" data-placement=\"top\" data-trigger=\"hover\"   data-options=\"thumbnail: 'https:\/\/charmepizzaria.com.br\/site\/wp-content\/uploads\/2014\/09\/DSC02127.jpg'\"><img src=\"https:\/\/charmepizzaria.com.br\/site\/wp-content\/uploads\/2014\/09\/DSC02127.jpg\" ><\/a><a  class=\"x-img x-img-link x-img-thumbnail none\"  href=\"https:\/\/charmepizzaria.com.br\/site\/wp-content\/uploads\/2014\/09\/DSC02107.jpg\"   data-toggle=\"none\" data-placement=\"top\" data-trigger=\"hover\"   data-options=\"thumbnail: 'https:\/\/charmepizzaria.com.br\/site\/wp-content\/uploads\/2014\/09\/DSC02107.jpg'\"><img src=\"https:\/\/charmepizzaria.com.br\/site\/wp-content\/uploads\/2014\/09\/DSC02107.jpg\" ><\/a><\/div><\/div><\/div>\n\t<div class=\"wpb_widgetised_column wpb_content_element\">\n\t\t<div class=\"wpb_wrapper\">\n\t\t\t\n\t\t<\/div> \n\t<\/div> <\/div>\n<div  class=\"x-column vc one-half\" style=\"\" ><p><span style=\"color: #d58a0d; font-size: 32px;\">Localiza\u00e7\u00e3o<\/span><br \/>\nRua Paulo Becker, 322 &#8211; Vila Adyana<br \/>\nS\u00e3o Jos\u00e9 dos Campos SP<br \/>\nVeja abaixo no mapa:<\/p>\n<div  class=\"x-map\" ><div class=\"x-map-inner\"><iframe style=\"border: 0;\" src=\"https:\/\/www.google.com\/maps\/embed?pb=!1m14!1m8!1m3!1d3667.3106788797954!2d-45.8929861!3d-23.1953458!3m2!1i1024!2i768!4f13.1!3m3!1m2!1s0x94cc4a6d3677777f%3A0x98c4190f21b68c22!2sAv.+Paulo+Becker%2C+322+-+Vila+Adyana%2C+S%C3%A3o+Jos%C3%A9+dos+Campos+-+SP%2C+12243-610!5e0!3m2!1spt-BR!2sbr!4v1411326424131\" width=\"100%\" height=\"450\" frameborder=\"0\"><\/iframe><\/div><\/div><hr  class=\"x-hr\" >\n\t<div class=\"wpb_widgetised_column wpb_content_element\">\n\t\t<div class=\"wpb_wrapper\">\n\t\t\t<div id=\"media_image-2\" class=\"widget widget_media_image\"><h4 class=\"h-widget\">Fa\u00e7a seu pedido pelo iFood<\/h4><a href=\"https:\/\/www.ifood.com.br\/delivery\/sao-jose-dos-campos-sp\/charme-restaurante-e-pizzaria-jardim-apolo\/5a987ce7-a5a4-433a-8024-a8956699a683\"><img width=\"300\" height=\"161\" src=\"https:\/\/charmepizzaria.com.br\/site\/wp-content\/uploads\/2019\/04\/ifood-logo-300x161.png\" class=\"image wp-image-300  attachment-medium size-medium\" alt=\"\" loading=\"lazy\" style=\"max-width: 100%; height: auto;\" srcset=\"https:\/\/charmepizzaria.com.br\/site\/wp-content\/uploads\/2019\/04\/ifood-logo-300x161.png 300w, https:\/\/charmepizzaria.com.br\/site\/wp-content\/uploads\/2019\/04\/ifood-logo-768x413.png 768w, https:\/\/charmepizzaria.com.br\/site\/wp-content\/uploads\/2019\/04\/ifood-logo-100x54.png 100w, https:\/\/charmepizzaria.com.br\/site\/wp-content\/uploads\/2019\/04\/ifood-logo.png 800w\" sizes=\"(max-width: 300px) 100vw, 300px\" \/><\/a><\/div><div id=\"ssba_widget-2\" class=\"widget widget_ssba_widget\"><h4 class=\"h-widget\">Compartilhe<\/h4><!-- Simple Share Buttons Adder (8.2.4) simplesharebuttons.com --><div class=\"ssba-classic-2 ssba ssbp-wrap center ssbp--theme-1\"><div style=\"text-align:left\"><a data-site=\"\" class=\"ssba_facebook_share\" href=\"http:\/\/www.facebook.com\/sharer.php?u=https:\/\/charmepizzaria.com.br\/site\/wp-json\/wp\/v2\/pages\/11\"  target=\"_blank\" ><img src=\"https:\/\/charmepizzaria.com.br\/site\/wp-content\/plugins\/simple-share-buttons-adder\/buttons\/somacro\/facebook.png\" style=\"width: 35px;\" title=\"Facebook\" class=\"ssba ssba-img\" alt=\"Share on Facebook\" \/><div title=\"Facebook\" class=\"ssbp-text\">Facebook<\/div><\/a><a data-site='pinterest' class='ssba_pinterest_share' href='javascript:void((function()%7Bvar%20e=document.createElement(&apos;script&apos;);e.setAttribute(&apos;type&apos;,&apos;text\/javascript&apos;);e.setAttribute(&apos;charset&apos;,&apos;UTF-8&apos;);e.setAttribute(&apos;src&apos;,&apos;\/\/assets.pinterest.com\/js\/pinmarklet.js?r=&apos;+Math.random()*99999999);document.body.appendChild(e)%7D)());'><img src=\"https:\/\/charmepizzaria.com.br\/site\/wp-content\/plugins\/simple-share-buttons-adder\/buttons\/somacro\/pinterest.png\" style=\"width: 35px;\" title=\"Pinterest\" class=\"ssba ssba-img\" alt=\"Pin on Pinterest\" \/><div title=\"Pinterest\" class=\"ssbp-text\">Pinterest<\/div><\/a><a data-site=\"\" class=\"ssba_twitter_share\" href=\"http:\/\/twitter.com\/share?url=https:\/\/charmepizzaria.com.br\/site\/wp-json\/wp\/v2\/pages\/11&amp;text=Home%20\"  target=&quot;_blank&quot; ><img src=\"https:\/\/charmepizzaria.com.br\/site\/wp-content\/plugins\/simple-share-buttons-adder\/buttons\/somacro\/twitter.png\" style=\"width: 35px;\" title=\"Twitter\" class=\"ssba ssba-img\" alt=\"Tweet about this on Twitter\" \/><div title=\"Twitter\" class=\"ssbp-text\">Twitter<\/div><\/a><a data-site=\"linkedin\" class=\"ssba_linkedin_share ssba_share_link\" href=\"http:\/\/www.linkedin.com\/shareArticle?mini=true&amp;url=https:\/\/charmepizzaria.com.br\/site\/wp-json\/wp\/v2\/pages\/11\"  target=&quot;_blank&quot; ><img src=\"https:\/\/charmepizzaria.com.br\/site\/wp-content\/plugins\/simple-share-buttons-adder\/buttons\/somacro\/linkedin.png\" style=\"width: 35px;\" title=\"LinkedIn\" class=\"ssba ssba-img\" alt=\"Share on LinkedIn\" \/><div title=\"Linkedin\" class=\"ssbp-text\">Linkedin<\/div><\/a><\/div><\/div><\/div>\n\t\t<\/div> \n\t<\/div> <hr  class=\"x-gap\" style=\"margin: 35px 0 0 0;\">\n\t<div class=\"wpb_widgetised_column wpb_content_element\">\n\t\t<div class=\"wpb_wrapper\">\n\t\t\t<div id=\"pages-2\" class=\"widget widget_pages\"><h4 class=\"h-widget\">Novidades<\/h4>\n\t\t\t<ul>\n\t\t\t\t<li class=\"page_item page-item-239\"><a href=\"https:\/\/charmepizzaria.com.br\/site\/cardapio-3\/\">Cardapio 3<\/a><\/li>\n<li class=\"page_item page-item-257\"><a href=\"https:\/\/charmepizzaria.com.br\/site\/cardapio-4\/\">Cardapio 4<\/a><\/li>\n<li class=\"page_item page-item-134\"><a href=\"https:\/\/charmepizzaria.com.br\/site\/conheca-nossa-carta-de-vinhos\/\">Conhe\u00e7a nossa carta de vinhos, com r\u00f3tulos importados.<\/a><\/li>\n<li class=\"page_item page-item-115\"><a href=\"https:\/\/charmepizzaria.com.br\/site\/sextas-feiras-com-frutos-do-mar\/\">Sextas-feiras com Frutos do Mar na Charme !<\/a><\/li>\n\t\t\t<\/ul>\n\n\t\t\t<\/div>\n\t\t<\/div> \n\t<\/div> <\/div><\/div><\/div>\n","protected":false},"excerpt":{"rendered":"[rev_slider_vc alias=\"banner-top-home\"] Bem vindo! Somos a Charme Pizzaria, uma casa onde voc\u00ea e sua fam\u00edlia saboreiam os mais variados tipos de pizzas, preparadas com ingredientes finos e de alt\u00edssima qualidade, al\u00e9m de nossas por\u00e7\u00f5es deliciosas, chopps e variada carta de vinhos. Temos tamb\u00e9m pratos \u00e0 La Carte com op\u00e7\u00f5es variadas para seu bom gosto. Frutos do Mar Todas as sextas-feiras ... <a href=\"https:\/\/charmepizzaria.com.br\/site\/\" class=\"more-link\">Read More<\/a>","protected":false},"author":1,"featured_media":0,"parent":0,"menu_order":0,"comment_status":"closed","ping_status":"open","template":"","meta":[],"_links":{"self":[{"href":"https:\/\/charmepizzaria.com.br\/site\/wp-json\/wp\/v2\/pages\/11"}],"collection":[{"href":"https:\/\/charmepizzaria.com.br\/site\/wp-json\/wp\/v2\/pages"}],"about":[{"href":"https:\/\/charmepizzaria.com.br\/site\/wp-json\/wp\/v2\/types\/page"}],"author":[{"embeddable":true,"href":"https:\/\/charmepizzaria.com.br\/site\/wp-json\/wp\/v2\/users\/1"}],"replies":[{"embeddable":true,"href":"https:\/\/charmepizzaria.com.br\/site\/wp-json\/wp\/v2\/comments?post=11"}],"version-history":[{"count":52,"href":"https:\/\/charmepizzaria.com.br\/site\/wp-json\/wp\/v2\/pages\/11\/revisions"}],"predecessor-version":[{"id":17,"href":"https:\/\/charmepizzaria.com.br\/site\/wp-json\/wp\/v2\/pages\/11\/revisions\/17"}],"wp:attachment":[{"href":"https:\/\/charmepizzaria.com.br\/site\/wp-json\/wp\/v2\/media?parent=11"}],"curies":[{"name":"wp","href":"https:\/\/api.w.org\/{rel}","templated":true}]}}